{"id":45,"date":"2010-03-03T04:27:58","date_gmt":"2010-03-03T04:27:58","guid":{"rendered":"http:\/\/www.kjg-bischofsheim.de\/?page_id=45"},"modified":"2018-05-24T20:41:01","modified_gmt":"2018-05-24T18:41:01","slug":"infos-uber-uns","status":"publish","type":"page","link":"https:\/\/www.kjg-bischofsheim.de\/?page_id=45","title":{"rendered":"Was ist die KjG"},"content":{"rendered":"<p><img loading=\"lazy\" decoding=\"async\" width=\"192\" height=\"122\" title=\"kjglogo\" class=\"alignright size-full wp-image-47\" alt=\"\" src=\"https:\/\/www.kjg-bischofsheim.de\/wp-content\/uploads\/2010\/03\/kjglogo.jpg\">Die Katholische Junge Gemeinde besteht seit 1998 in Bischofsheim. Gegr\u00fcndet wurde sie von Jugendlichen<br \/>\ndes Firmjahrgangs 1993. Seitdem hat sich die KjG Bischofsheim stark vergr\u00f6\u00dfert. \u00dcber 40 Jugendliche und<br \/>\njunge Erwachsene geh\u00f6ren der KjG an und treffen sich regelm\u00e4\u00dfig innerhalb der verschiedenen Gruppen im<br \/>\nkatholischen Gemeindehaus, Untergasse 12.<\/p>\n<p>Wir bieten immer wieder Tagesausfl\u00fcge an. Au\u00dferdem&nbsp;sind wir&nbsp;Aktiv&nbsp;im Gemeindeleben und zeigen uns nicht nur am Pfarrfest&nbsp;oder der&nbsp;Bischofsheimer Kerb, sondern auch bei der Firmvorbereitung und andere wichtige Veranstaltungen in unserer Gemeinde.<\/p>\n","protected":false},"excerpt":{"rendered":"<p>Die Katholische Junge Gemeinde besteht seit 1998 in Bischofsheim. Gegr\u00fcndet wurde sie von Jugendlichen des Firmjahrgangs 1993. Seitdem hat sich die KjG Bischofsheim stark vergr\u00f6\u00dfert. \u00dcber 40 Jugendliche und junge Erwachsene geh\u00f6ren der KjG an und treffen sich regelm\u00e4\u00dfig innerhalb &hellip; <a href=\"https:\/\/www.kjg-bischofsheim.de\/?page_id=45\">Weiterlesen <span class=\"meta-nav\">&rarr;<\/span><\/a><\/p>\n","protected":false},"author":1,"featured_media":0,"parent":0,"menu_order":1,"comment_status":"closed","ping_status":"closed","template":"","meta":{"ngg_post_thumbnail":0,"footnotes":""},"class_list":["post-45","page","type-page","status-publish","hentry"],"_links":{"self":[{"href":"https:\/\/www.kjg-bischofsheim.de\/index.php?rest_route=\/wp\/v2\/pages\/45","targetHints":{"allow":["GET"]}}],"collection":[{"href":"https:\/\/www.kjg-bischofsheim.de\/index.php?rest_route=\/wp\/v2\/pages"}],"about":[{"href":"https:\/\/www.kjg-bischofsheim.de\/index.php?rest_route=\/wp\/v2\/types\/page"}],"author":[{"embeddable":true,"href":"https:\/\/www.kjg-bischofsheim.de\/index.php?rest_route=\/wp\/v2\/users\/1"}],"replies":[{"embeddable":true,"href":"https:\/\/www.kjg-bischofsheim.de\/index.php?rest_route=%2Fwp%2Fv2%2Fcomments&post=45"}],"version-history":[{"count":12,"href":"https:\/\/www.kjg-bischofsheim.de\/index.php?rest_route=\/wp\/v2\/pages\/45\/revisions"}],"predecessor-version":[{"id":788,"href":"https:\/\/www.kjg-bischofsheim.de\/index.php?rest_route=\/wp\/v2\/pages\/45\/revisions\/788"}],"wp:attachment":[{"href":"https:\/\/www.kjg-bischofsheim.de\/index.php?rest_route=%2Fwp%2Fv2%2Fmedia&parent=45"}],"curies":[{"name":"wp","href":"https:\/\/api.w.org\/{rel}","templated":true}]}}